{"id":1095,"date":"2020-06-25T11:06:58","date_gmt":"2020-06-25T17:06:58","guid":{"rendered":"http:\/\/gabrielasaavedra.com\/?page_id=1095"},"modified":"2025-03-03T19:22:01","modified_gmt":"2025-03-04T01:22:01","slug":"masterclass","status":"publish","type":"page","link":"https:\/\/gabrielasaavedra.com\/?page_id=1095","title":{"rendered":"MASTERCLASS RETRATO"},"content":{"rendered":"\n<p>Gabriela Saavedra ha retratado a las principales figuras de la m\u00fasica en espa\u00f1ol, de la televisi\u00f3n y el deporte mexicano. En esta clase maestra compartir\u00e1 la experiencia adquirida en cientos de sesiones empezando por el estudio de la persona, el uso de la luz y elaboraci\u00f3n de diagramas de iluminaci\u00f3n, manejo del modelo, ademas de elementos de producci\u00f3n tales como pre producci\u00f3n, casting, scouting, uso de utiler\u00eda, vestuario, maquillaje y peinado.&nbsp;<\/p>\n\n\n\n<p>El curso estar\u00e1 dividido en 4 clases de 2 hr cada clase.&nbsp;<\/p>\n\n\n\n<p>Fechas: Los d\u00edas Mi\u00e9rcoles 19 y 26 de Marzo, 02 y 09 de Abril de 2025<\/p>\n\n\n\n<p>Horarios:&nbsp; 18:00 a 20:00 hrs.<\/p>\n\n\n\n<p><\/p>\n\n\n\n<p><\/p>\n\n\n\n<p><\/p>\n\n\n\n<p><\/p>\n\n\n\n<p>Contiene 4 ejercicios o tareas para realizar sin salir de casa.&nbsp;Es un curso din\u00e1mico y activo! Inscr\u00edbete ya al Masterclass de Gabriela Saavedra<\/p>\n\n\n\n<p><\/p>\n\n\n\n<p><\/p>\n\n\n\n<p class=\"has-medium-font-size\"><strong>Temario del Masterclass<\/strong>:<\/p>\n\n\n\n<p>1. Introducci\u00f3n<br>2.-Cu\u00e1l es el prop\u00f3sito de un retrato.<br>3.-C\u00f3mo hacer una investigaci\u00f3n de la persona que vamos a retratar.<br>4.-Fotogenia y como hacer para que las personas que retratemos se vean bien.<br>5.-Pre Producci\u00f3n &nbsp;fotogr\u00e1fica<br>6.-Vestuario<br>7.-Maquillaje y efectos especiales<br>8.-Peinado<br>9.-Planos y cortes<br>10.- Encuadres, y sus usos vertical, horizontal y holades<br>11.- Scouting o exploraci\u00f3n<br>12.- Locaci\u00f3n y problemas a resolver en una locaci\u00f3n<br>13.- Valores de producci\u00f3n<br>14.- Ambientaci\u00f3n, escenografia, utileria<br>15.- Hacer retratos con animales<br>16.- Iluminaci\u00f3n tipos de Luz<br>17.- Diagramas de Iluminaci\u00f3n vista cenital y lateral<br>18.- C\u00f3mo iluminar los ojos<br>19.- C\u00f3mo acentuar o eliminar las arrugas<br>20.- Casting<br>21.- Plan de Trabajo<br>22.- Lenguaje corporal<br>23.- Protocolo en una sesi\u00f3n fotogr\u00e1fica<br>24.- Retrato en el lugar del cliente y problemas a resolver<br>25.- Selecci\u00f3n fotogr\u00e1fica&nbsp;&nbsp;<\/p>\n\n\n\n<p><\/p>\n\n\n\n<div class=\"wp-block-buttons is-layout-flex wp-block-buttons-is-layout-flex\">\n<div class=\"wp-block-button has-custom-font-size is-style-fill has-medium-font-size\"><a class=\"wp-block-button__link has-white-color has-text-color has-background has-link-color wp-element-button\" href=\"https:\/\/forms.gle\/mTjRrExsKJMMCzkZ7\" style=\"border-radius:18px;background:linear-gradient(135deg,rgb(175,175,175) 0%,rgb(169,184,195) 100%)\">Formulario de Inscripci\u00f3n<\/a><\/div>\n<\/div>\n\n\n\n<p><\/p>\n\n\n\n<p><\/p>\n\n\n\n<p class=\"has-medium-font-size\" style=\"font-style:normal;font-weight:700\">M\u00e9todos de Pago:<\/p>\n\n\n\n<p>Costo: $87 USD o $1,775 MNX<\/p>\n\n\n\n<p>Banco: HSBC<br>Nombre: Centro Integral de Estudio de la Imagen de Cuernavaca S.C.<br>Cuenta: 4020074555<br>Sucursal: 0085<br>CLABE Interbancaria: 021540040200745554<\/p>\n\n\n\n<p><\/p>\n\n\n\n<div class=\"wp-block-buttons is-horizontal is-content-justification-left is-layout-flex wp-container-core-buttons-is-layout-7e5fce0a wp-block-buttons-is-layout-flex\">\n<div class=\"wp-block-button is-style-fill\"><a class=\"wp-block-button__link has-white-color has-midnight-gradient-background has-text-color has-background has-link-color wp-element-button\" href=\"https:\/\/www.paypal.com\/ncp\/payment\/6UPCY4PRNH74Y\" style=\"border-radius:22px\"><strong>PAYPAL<\/strong><\/a><\/div>\n\n\n\n<div class=\"wp-block-button is-style-fill\"><a class=\"wp-block-button__link has-white-color has-text-color has-background has-link-color wp-element-button\" href=\"https:\/\/mpago.la\/2jYT8vJ\" style=\"border-radius:22px;background:linear-gradient(135deg,rgb(191,167,29) 0%,rgb(252,221,40) 100%)\">MERCADOPAGO<\/a><\/div>\n<\/div>\n\n\n\n<p><\/p>\n\n\n\n<p><\/p>\n\n\n\n<p>Nota: Por favor agregar el nombre de la persona inscrita al realizar los pagos.<\/p>\n\n\n\n<figure class=\"wp-block-image size-large\"><img decoding=\"async\" src=\"blob:https:\/\/gabrielasaavedra.com\/16af0ea3-ec0c-4326-ae7f-170c419a6f2b\" alt=\"\" class=\"wp-image-1282\"\/><\/figure>\n","protected":false},"excerpt":{"rendered":"<p>Gabriela Saavedra ha retratado a las principales figuras de la m\u00fasica en espa\u00f1ol, de la televisi\u00f3n y el deporte mexicano. En esta clase maestra compartir\u00e1 la experiencia adquirida en cientos de sesiones empezando por el estudio de la persona, el uso de la luz y elaboraci\u00f3n de diagramas de iluminaci\u00f3n, manejo del modelo, ademas de elementos de producci\u00f3n tales como pre producci\u00f3n, casting, scouting, uso de utiler\u00eda, vestuario, maquillaje y peinado.&nbsp; El curso estar\u00e1 dividido en 4 clases de 2 [&hellip;]<\/p>\n","protected":false},"author":2,"featured_media":0,"parent":0,"menu_order":0,"comment_status":"closed","ping_status":"closed","template":"","meta":{"footnotes":""},"class_list":["post-1095","page","type-page","status-publish","hentry"],"_links":{"self":[{"href":"https:\/\/gabrielasaavedra.com\/index.php?rest_route=\/wp\/v2\/pages\/1095","targetHints":{"allow":["GET"]}}],"collection":[{"href":"https:\/\/gabrielasaavedra.com\/index.php?rest_route=\/wp\/v2\/pages"}],"about":[{"href":"https:\/\/gabrielasaavedra.com\/index.php?rest_route=\/wp\/v2\/types\/page"}],"author":[{"embeddable":true,"href":"https:\/\/gabrielasaavedra.com\/index.php?rest_route=\/wp\/v2\/users\/2"}],"replies":[{"embeddable":true,"href":"https:\/\/gabrielasaavedra.com\/index.php?rest_route=%2Fwp%2Fv2%2Fcomments&post=1095"}],"version-history":[{"count":59,"href":"https:\/\/gabrielasaavedra.com\/index.php?rest_route=\/wp\/v2\/pages\/1095\/revisions"}],"predecessor-version":[{"id":1340,"href":"https:\/\/gabrielasaavedra.com\/index.php?rest_route=\/wp\/v2\/pages\/1095\/revisions\/1340"}],"wp:attachment":[{"href":"https:\/\/gabrielasaavedra.com\/index.php?rest_route=%2Fwp%2Fv2%2Fmedia&parent=1095"}],"curies":[{"name":"wp","href":"https:\/\/api.w.org\/{rel}","templated":true}]}}